{"id":65,"date":"2020-11-29T14:46:21","date_gmt":"2020-11-29T14:46:21","guid":{"rendered":"https:\/\/highschool-ul.me\/mne\/?page_id=65"},"modified":"2024-09-09T10:16:44","modified_gmt":"2024-09-09T10:16:44","slug":"javne-nabavke","status":"publish","type":"page","link":"https:\/\/highschool-ul.me\/mne\/javne-nabavke\/","title":{"rendered":"Javne nabavke"},"content":{"rendered":"\n\n\n<div class=\"wp-block-image\">\n<figure class=\"aligncenter size-full\"><img loading=\"lazy\" decoding=\"async\" width=\"996\" height=\"560\" src=\"https:\/\/highschool-ul.me\/mne\/wp-content\/uploads\/2021\/08\/javne-nabavke.jpg\" alt=\"\" class=\"wp-image-540\" srcset=\"https:\/\/highschool-ul.me\/mne\/wp-content\/uploads\/2021\/08\/javne-nabavke.jpg 996w, https:\/\/highschool-ul.me\/mne\/wp-content\/uploads\/2021\/08\/javne-nabavke-300x169.jpg 300w, https:\/\/highschool-ul.me\/mne\/wp-content\/uploads\/2021\/08\/javne-nabavke-768x432.jpg 768w\" sizes=\"auto, (max-width: 996px) 100vw, 996px\" \/><\/figure>\n<\/div>\n<p class=\"has-text-align-center\">Poziv za podno\u0161enje ponuda za nabavku kompjutera<br>Ponude mozete slati na mail skola@sms-ul.edu.me ili direktno u prostorijama na\u0161e \u0161kole, JU SM\u0160 &#8220;Bratstvo &#8211; Jedinstvo&#8221; Ulcinj, Toto\u0161i bb, od 06.12.2022 do 2<strong>0.12.2022.<\/strong><br>Kliknite na <a rel=\"noreferrer noopener\" href=\"https:\/\/highschool-ul.me\/mne\/wp-content\/uploads\/2022\/11\/Tender-per-laptopa.pdf\" target=\"_blank\">LINK <\/a>za tra\u017eene karakteristike kompjutera<\/p>\n\n<p><br><br><\/p>\n\n\n\n\n<p>javne nabavke<\/p>\n\n\n\n\n<p>Organizovanje i izvo\u0111enje maturske ekskurzije za \u0161kolsku 2024\/2025. godine<\/p>\n\n<p><br><\/p>\n\n\n<p><br><\/p>\n\n\n\n\n<p><br><\/p>\n\n\n<p><br><\/p>\n\n\n\n\n<p><br><\/p>\n\n\n\n\n\n\n\n\n\n\n\n\n\n\n\n\n<p class=\"has-text-align-center\"><strong><strong>Anga\u017eovanja stru\u010dnjaka za obuku mladih<\/strong><\/strong> (19.01.2022), <a rel=\"noreferrer noopener\" href=\"https:\/\/highschool-ul.me\/mne\/wp-content\/uploads\/2022\/01\/Angazovanja-strucnaka-za-obuku-mladih-Jan-2022.pdf\" target=\"_blank\">Link1<\/a>, <a rel=\"noreferrer noopener\" href=\"https:\/\/highschool-ul.me\/mne\/wp-content\/uploads\/2022\/01\/TOR-Expertise-VET-Jan-2022.pdf\" target=\"_blank\">Link2 <\/a><br><br><\/p>\n\n<p class=\"has-text-align-center\"><strong><strong>Anga\u017eovanja stru\u010dnjaka za obuku mladih<\/strong><\/strong> (25.12.2021), <strong><a rel=\"noreferrer noopener\" href=\"https:\/\/highschool-ul.me\/mne\/wp-content\/uploads\/2021\/12\/Angazovanja-strucnaka-za-obuku-mladih.pdf\" target=\"_blank\">Link1<\/a><\/strong>, <a rel=\"noreferrer noopener\" href=\"https:\/\/highschool-ul.me\/mne\/wp-content\/uploads\/2021\/12\/TOR-Expertise-VET.pdf\" target=\"_blank\">Link2<\/a><br><br><\/p>\n\n<p class=\"has-text-align-center\"><a rel=\"noreferrer noopener\" href=\"https:\/\/highschool-ul.me\/mne\/wp-content\/uploads\/2021\/08\/javni-poziv-za-parking.pdf\" target=\"_blank\">Javni poziv za davanje u zakup nepokretnosti (\u0160kolskog dvori\u0161ta &#8211; Parkinga 4000m2) Klikni OVDE<\/a> (01.08.2021)<\/p>\n\n\n","protected":false},"excerpt":{"rendered":"","protected":false},"author":1,"featured_media":0,"parent":0,"menu_order":0,"comment_status":"closed","ping_status":"closed","template":"","meta":{"pagelayer_contact_templates":[],"_pagelayer_content":"","footnotes":""},"class_list":["post-65","page","type-page","status-publish","hentry"],"_links":{"self":[{"href":"https:\/\/highschool-ul.me\/mne\/wp-json\/wp\/v2\/pages\/65","targetHints":{"allow":["GET"]}}],"collection":[{"href":"https:\/\/highschool-ul.me\/mne\/wp-json\/wp\/v2\/pages"}],"about":[{"href":"https:\/\/highschool-ul.me\/mne\/wp-json\/wp\/v2\/types\/page"}],"author":[{"embeddable":true,"href":"https:\/\/highschool-ul.me\/mne\/wp-json\/wp\/v2\/users\/1"}],"replies":[{"embeddable":true,"href":"https:\/\/highschool-ul.me\/mne\/wp-json\/wp\/v2\/comments?post=65"}],"version-history":[{"count":38,"href":"https:\/\/highschool-ul.me\/mne\/wp-json\/wp\/v2\/pages\/65\/revisions"}],"predecessor-version":[{"id":756,"href":"https:\/\/highschool-ul.me\/mne\/wp-json\/wp\/v2\/pages\/65\/revisions\/756"}],"wp:attachment":[{"href":"https:\/\/highschool-ul.me\/mne\/wp-json\/wp\/v2\/media?parent=65"}],"curies":[{"name":"wp","href":"https:\/\/api.w.org\/{rel}","templated":true}]}}