{"id":47,"date":"2020-11-29T14:32:24","date_gmt":"2020-11-29T14:32:24","guid":{"rendered":"https:\/\/highschool-ul.me\/mne\/?page_id=47"},"modified":"2023-06-23T10:51:37","modified_gmt":"2023-06-23T10:51:37","slug":"pedagoska-psiholoska-sluzba","status":"publish","type":"page","link":"https:\/\/highschool-ul.me\/mne\/pedagoska-psiholoska-sluzba\/","title":{"rendered":"Pedago\u0161ka psiholo\u0161ka slu\u017eba"},"content":{"rendered":"\n\n\n\n\n\n\n<h1>Pedago\u0161ka-psiholo\u0161ka-slu\u017eba<\/h1>\n\n\n<h6><span style=\"font-size: 12.1333px;\">Pedago\u0161kinja<\/span><\/h6><h6><span style=\"font-size: 16px; color: rgb(68, 68, 68); font-weight: normal;\">E-mail: pedagog@sms-ul.edu.me<\/span><br><\/h6>\n\n\n\n\n\n\n\n<h2>Blerta Kasneci<\/h2>\n<h6>Psiholo\u0161kinja<\/h6>\n<p><br>E-mail: bkasneci<span style=\"background-color: rgb(254, 254, 254); font-family: Raleway, sans-serif; font-size: 16px; font-style: normal; font-variant-ligatures: normal; font-variant-caps: normal; font-weight: 400;\">@sms-ul.edu.me<\/span><\/p>\n\n\n\n\n\n\n","protected":false},"excerpt":{"rendered":"","protected":false},"author":1,"featured_media":0,"parent":0,"menu_order":0,"comment_status":"closed","ping_status":"closed","template":"","meta":{"pagelayer_contact_templates":[],"_pagelayer_content":"","footnotes":""},"class_list":["post-47","page","type-page","status-publish","hentry"],"_links":{"self":[{"href":"https:\/\/highschool-ul.me\/mne\/wp-json\/wp\/v2\/pages\/47","targetHints":{"allow":["GET"]}}],"collection":[{"href":"https:\/\/highschool-ul.me\/mne\/wp-json\/wp\/v2\/pages"}],"about":[{"href":"https:\/\/highschool-ul.me\/mne\/wp-json\/wp\/v2\/types\/page"}],"author":[{"embeddable":true,"href":"https:\/\/highschool-ul.me\/mne\/wp-json\/wp\/v2\/users\/1"}],"replies":[{"embeddable":true,"href":"https:\/\/highschool-ul.me\/mne\/wp-json\/wp\/v2\/comments?post=47"}],"version-history":[{"count":4,"href":"https:\/\/highschool-ul.me\/mne\/wp-json\/wp\/v2\/pages\/47\/revisions"}],"predecessor-version":[{"id":620,"href":"https:\/\/highschool-ul.me\/mne\/wp-json\/wp\/v2\/pages\/47\/revisions\/620"}],"wp:attachment":[{"href":"https:\/\/highschool-ul.me\/mne\/wp-json\/wp\/v2\/media?parent=47"}],"curies":[{"name":"wp","href":"https:\/\/api.w.org\/{rel}","templated":true}]}}