{"id":50,"date":"2020-12-01T16:16:38","date_gmt":"2020-12-01T16:16:38","guid":{"rendered":"https:\/\/highschool-ul.me\/alb\/?page_id=50"},"modified":"2021-06-10T17:29:26","modified_gmt":"2021-06-10T17:29:26","slug":"mesimdhenesit","status":"publish","type":"page","link":"https:\/\/highschool-ul.me\/alb\/mesimdhenesit\/","title":{"rendered":"M\u00ebsimdh\u00ebn\u00ebsit"},"content":{"rendered":"\n\n\n\n\n\n\n<p>Aktivi profesional i gjuh\u00ebs shqipe<\/p>\n\n\n<h6>Prof.<\/h6>\n<h6>Prof.<\/h6>\n\n\n\n\n\n\n\n<h2>Islam Hoti<\/h2>\n<h6>Prof.<\/h6>\n<p><br><\/p>\n\n\n\n\n\n<h2>Gresa Hoxha<\/h2>\n<h6>Prof.<\/h6>\n<p><br><\/p>\n\n\n<h6>Prof.<\/h6>\n<p><br><\/p>\n\n\n\n\n\n\n<p>Aktivi profesional i gjuh\u00ebs malazeze, boshnjake dhe kroate<\/p>\n\n\n<h6>Prof.<\/h6>\n<h6>Prof.<\/h6>\n\n\n\n\n\n\n\n<h2><span>Sanja&nbsp;<\/span>Rebrenoviq&nbsp;<\/h2>\n<h6>Prof.<\/h6>\n<p><br><\/p>\n\n\n\n\n\n<h2><span>Ljiljana&nbsp;<\/span>Sredojeviq&nbsp;<\/h2>\n<h6>Prof.<\/h6>\n<p><br><\/p>\n\n\n<h6>Prof.<\/h6>\n<p><br><\/p>\n\n\n\n\n\n\n<p>Aktivi profesional p\u00ebr gjuh\u00eb t\u00eb huaja<\/p>\n\n\n<h6>Prof.<\/h6>\n<h6>Prof.<\/h6>\n<h6>Prof.<\/h6>\n<h6>Prof.<\/h6>\n<h6>Prof.<\/h6>\n\n\n\n\n\n\n\n<h2><span>Ljubica&nbsp;<\/span>Vuk\u00e7eviq&nbsp;<\/h2>\n<h6>Prof.<\/h6>\n<p><br><\/p>\n\n\n\n\n\n<h2><span>Ardita&nbsp;<\/span>Hoti&nbsp;<\/h2>\n<h6>Prof.<\/h6>\n<p><br><\/p>\n\n\n\n\n\n<h2>Haxhire Spuzhaniq<\/h2>\n<h6>Prof.<\/h6>\n<p><br><\/p>\n\n\n\n\n\n<h2><span>Zhiljana&nbsp;<\/span>Ko\u00e7an&nbsp;<\/h2>\n<h6>Prof.<\/h6>\n<p><br><\/p>\n\n\n<h6>Prof.<\/h6>\n<h6>Prof.<\/h6>\n<h6>Prof.<\/h6>\n<h6>Prof.<\/h6>\n\n\n\n<p>&nbsp;<\/p>\n\n\n\n\n<p><b>Aktivi profesio<b>nal <\/b>per lendet ekonomike dhe turistike<\/b><\/p>\n\n\n\n\n\n\n\n\n\n\n\n\n\n\n<p>Pro. G<span>jek\u00eb&nbsp;<\/span>Elezoviq&nbsp;<\/p>\n\n\n\n\n\n\n\n\n\n\n\n\n\n\n\n\n\n\n\n\n\n\n\n\n\n\n\n\n\n\n\n\n\n<h1>Aktivi profesional i matematik\u00ebs dhe informatik\u00ebs<\/h1>\n\n\n<p>Prof.&nbsp;<\/p>\n<p>Prof.&nbsp;<\/p>\n<p>Prof.&nbsp;<\/p>\n<p>Prof.&nbsp;<\/p>\n\n\n\n\n\n\n\n<h2>Ardian Kasneci<\/h2>\n<p>Prof.<\/p>\n\n\n\n\n\n<h2>Valbona Dervishi<\/h2>\n<p>Prof.<\/p>\n\n\n\n\n\n<h2>Qemal Bajri<\/h2>\n<p>Prof.<\/p>\n\n\n\n\n\n<h2>Medina Curoviq<\/h2>\n<p>Prof.<\/p>\n\n\n<h6>Prof.<\/h6>\n<p><br><\/p>\n<h6>Prof.<\/h6>\n<p><br><\/p>\n<h6>Prof.<\/h6>\n<p><br><\/p>\n<h6>Prof.<\/h6>\n<p><br><\/p>\n\n\n\n\n\n\n<h1>Aktivi profesional p\u00ebr kimi, biologji dhe fizik<\/h1>\n\n\n<h6>Prof.<\/h6>\n<p><br><\/p>\n<h6>Prof.<\/h6>\n<h6>Prof.<\/h6>\n<h6>Prof.<\/h6>\n\n\n\n\n\n\n\n<h2>&nbsp;Fuad Hoxhiq<\/h2>\n<h6>Prof.<\/h6>\n<p><br><\/p>\n<h6>Prof.<\/h6>\n<h6>Prof.<\/h6>\n<h6>Prof.<\/h6>\n\n\n<h6>Prof.<\/h6>\n<h6>Prof.<\/h6>\n<h6>Prof.<\/h6>\n\n\n\n\n\n\n\n\n\n\n<p>Aktivi profesional per gjelleberes,shites dhe frizer<\/p>\n\n\n<h6><br><\/h6>\n<p>prof.<\/p>\n\n\n<h6><br><\/h6>\n<p>prof.<\/p>\n\n\n<h6><br><\/h6>\n<p>prof.<\/p>\n\n\n\n\n<h6><br><\/h6>\n<p>prof.<\/p>\n\n\n<h6><br><\/h6>\n<p>prof.<\/p>\n\n\n<h6><br><\/h6>\n<p>prof.<\/p>\n\n\n\n\n<h6><br><\/h6>\n<p>prof.<\/p>\n\n\n<h6><br><\/h6>\n<p>prof.<\/p>\n\n\n<h6><br><\/h6>\n<p>prof.<\/p>\n\n\n\n\n<h6><br><\/h6>\n<p>prof.<\/p>\n\n\n<h6><br><\/h6>\n<p>prof.<\/p>\n\n\n\n\n\n\n\n\n<h1>Aktivi i profesorave p\u00ebr edukat fizike<\/h1>\n\n\n<h6>Prof.<\/h6>\n<h6>Prof.<\/h6>\n\n\n\n\n\n\n\n<h2>Vuk\u00e7eviq Drago<\/h2>\n<h6>Prof.<\/h6>\n<h6>Prof.<\/h6>\n\n\n<h6>Prof.<\/h6>\n<h6>Prof.<\/h6>\n\n\n\n\n","protected":false},"excerpt":{"rendered":"","protected":false},"author":1,"featured_media":0,"parent":0,"menu_order":0,"comment_status":"closed","ping_status":"closed","template":"","meta":{"pagelayer_contact_templates":[],"_pagelayer_content":"","footnotes":""},"class_list":["post-50","page","type-page","status-publish","hentry"],"_links":{"self":[{"href":"https:\/\/highschool-ul.me\/alb\/wp-json\/wp\/v2\/pages\/50","targetHints":{"allow":["GET"]}}],"collection":[{"href":"https:\/\/highschool-ul.me\/alb\/wp-json\/wp\/v2\/pages"}],"about":[{"href":"https:\/\/highschool-ul.me\/alb\/wp-json\/wp\/v2\/types\/page"}],"author":[{"embeddable":true,"href":"https:\/\/highschool-ul.me\/alb\/wp-json\/wp\/v2\/users\/1"}],"replies":[{"embeddable":true,"href":"https:\/\/highschool-ul.me\/alb\/wp-json\/wp\/v2\/comments?post=50"}],"version-history":[{"count":81,"href":"https:\/\/highschool-ul.me\/alb\/wp-json\/wp\/v2\/pages\/50\/revisions"}],"predecessor-version":[{"id":488,"href":"https:\/\/highschool-ul.me\/alb\/wp-json\/wp\/v2\/pages\/50\/revisions\/488"}],"wp:attachment":[{"href":"https:\/\/highschool-ul.me\/alb\/wp-json\/wp\/v2\/media?parent=50"}],"curies":[{"name":"wp","href":"https:\/\/api.w.org\/{rel}","templated":true}]}}