{"id":32,"date":"2020-12-01T10:55:36","date_gmt":"2020-12-01T10:55:36","guid":{"rendered":"https:\/\/highschool-ul.me\/alb\/?page_id=32"},"modified":"2024-04-23T11:01:53","modified_gmt":"2024-04-23T11:01:53","slug":"prokurimet-publike","status":"publish","type":"page","link":"https:\/\/highschool-ul.me\/alb\/prokurimet-publike\/","title":{"rendered":"Prokurimet publike"},"content":{"rendered":"\n\n\n\n<div class=\"wp-block-image\">\n<figure class=\"aligncenter size-full\"><img fetchpriority=\"high\" decoding=\"async\" width=\"996\" height=\"560\" src=\"https:\/\/highschool-ul.me\/alb\/wp-content\/uploads\/2021\/08\/Prokurimet-publike.jpg\" alt=\"\" class=\"wp-image-490\" srcset=\"https:\/\/highschool-ul.me\/alb\/wp-content\/uploads\/2021\/08\/Prokurimet-publike.jpg 996w, https:\/\/highschool-ul.me\/alb\/wp-content\/uploads\/2021\/08\/Prokurimet-publike-300x169.jpg 300w, https:\/\/highschool-ul.me\/alb\/wp-content\/uploads\/2021\/08\/Prokurimet-publike-768x432.jpg 768w\" sizes=\"(max-width: 996px) 100vw, 996px\" \/><\/figure>\n<\/div>\n\n\n<p class=\"has-text-align-center\">Ftes\u00eb p\u00ebr paraqitjen e ofertave p\u00ebr blerjen e kompjuter\u00ebve <br>Ofertat mund ti d\u00ebrgoni n\u00eb e-mail skola@sms-ul.edu.me ose n\u00eb hap\u00ebsirat e shkoll\u00ebs IPSHMK &#8220;V\u00ebllaz\u00ebrim &#8211; Bashkim&#8221; Ulqin, Totoshi pn, prej 06.12.2022 deri me dat\u00ebn <strong>20.12.2022<\/strong><br>Klikoni n\u00eb <a rel=\"noreferrer noopener\" href=\"https:\/\/highschool-ul.me\/mne\/wp-content\/uploads\/2022\/11\/Tender-per-laptopa.pdf\" target=\"_blank\">LINKUN <\/a>p\u00ebr karakteristikat e k\u00ebrkuara t\u00eb kompjuterave<br><br><\/p>\n\n\n\n<p>Prokurimet publike<\/p>\n\n\n\n\n\n\n\n<p><br><\/p>\n\n\n\n\n\n\n\n<p><br><\/p>\n\n\n\n<p><br><\/p>\n\n\n\n\n\n<p><br><\/p>\n\n\n\n\n\n\n\n<p class=\"has-text-align-center\"><\/p>\n\n\n","protected":false},"excerpt":{"rendered":"","protected":false},"author":1,"featured_media":0,"parent":0,"menu_order":0,"comment_status":"closed","ping_status":"closed","template":"","meta":{"pagelayer_contact_templates":[],"_pagelayer_content":"","footnotes":""},"class_list":["post-32","page","type-page","status-publish","hentry"],"_links":{"self":[{"href":"https:\/\/highschool-ul.me\/alb\/wp-json\/wp\/v2\/pages\/32","targetHints":{"allow":["GET"]}}],"collection":[{"href":"https:\/\/highschool-ul.me\/alb\/wp-json\/wp\/v2\/pages"}],"about":[{"href":"https:\/\/highschool-ul.me\/alb\/wp-json\/wp\/v2\/types\/page"}],"author":[{"embeddable":true,"href":"https:\/\/highschool-ul.me\/alb\/wp-json\/wp\/v2\/users\/1"}],"replies":[{"embeddable":true,"href":"https:\/\/highschool-ul.me\/alb\/wp-json\/wp\/v2\/comments?post=32"}],"version-history":[{"count":21,"href":"https:\/\/highschool-ul.me\/alb\/wp-json\/wp\/v2\/pages\/32\/revisions"}],"predecessor-version":[{"id":760,"href":"https:\/\/highschool-ul.me\/alb\/wp-json\/wp\/v2\/pages\/32\/revisions\/760"}],"wp:attachment":[{"href":"https:\/\/highschool-ul.me\/alb\/wp-json\/wp\/v2\/media?parent=32"}],"curies":[{"name":"wp","href":"https:\/\/api.w.org\/{rel}","templated":true}]}}